{"id":553,"date":"2023-04-27T07:56:34","date_gmt":"2023-04-27T07:56:34","guid":{"rendered":"https:\/\/snjalllasar.is\/um-okkur\/"},"modified":"2023-06-21T09:41:57","modified_gmt":"2023-06-21T09:41:57","slug":"um-okkur","status":"publish","type":"page","link":"https:\/\/snjalllasar.is\/is\/um-okkur\/","title":{"rendered":"Um okkur"},"content":{"rendered":"\t\t<div data-elementor-type=\"wp-page\" data-elementor-id=\"553\" class=\"elementor elementor-553 elementor-315\" data-elementor-post-type=\"page\">\n\t\t\t\t\t\t<section class=\"elementor-section elementor-top-section elementor-element elementor-element-725d4114 elementor-section-height-min-height elementor-section-boxed elementor-section-height-default elementor-section-items-middle\" data-id=\"725d4114\" data-element_type=\"section\" data-e-type=\"section\" data-settings=\"{&quot;background_background&quot;:&quot;classic&quot;}\">\n\t\t\t\t\t\t\t<div class=\"elementor-background-overlay\"><\/div>\n\t\t\t\t\t\t\t<div class=\"elementor-container elementor-column-gap-default\">\n\t\t\t\t\t<div class=\"elementor-column elementor-col-100 elementor-top-column elementor-element elementor-element-4d65b38f\" data-id=\"4d65b38f\" data-element_type=\"column\" data-e-type=\"column\">\n\t\t\t<div class=\"elementor-widget-wrap elementor-element-populated\">\n\t\t\t\t\t\t<div class=\"elementor-element elementor-element-3fc5d70a elementor-invisible elementor-widget elementor-widget-heading\" data-id=\"3fc5d70a\" data-element_type=\"widget\" data-e-type=\"widget\" data-settings=\"{&quot;_animation&quot;:&quot;fadeIn&quot;}\" data-widget_type=\"heading.default\">\n\t\t\t\t<div class=\"elementor-widget-container\">\n\t\t\t\t\t<h2 class=\"elementor-heading-title elementor-size-default\">Um okkur<\/h2>\t\t\t\t<\/div>\n\t\t\t\t<\/div>\n\t\t\t\t<div class=\"elementor-element elementor-element-19813a6f elementor-icon-list--layout-inline elementor-align-center elementor-list-item-link-full_width elementor-invisible elementor-widget elementor-widget-icon-list\" data-id=\"19813a6f\" data-element_type=\"widget\" data-e-type=\"widget\" data-settings=\"{&quot;_animation&quot;:&quot;fadeIn&quot;,&quot;_animation_delay&quot;:200}\" data-widget_type=\"icon-list.default\">\n\t\t\t\t<div class=\"elementor-widget-container\">\n\t\t\t\t\t\t\t<ul class=\"elementor-icon-list-items elementor-inline-items\">\n\t\t\t\t\t\t\t<li class=\"elementor-icon-list-item elementor-inline-item\">\n\t\t\t\t\t\t\t\t\t\t\t<a href=\"#\">\n\n\t\t\t\t\t\t\t\t\t\t\t<span class=\"elementor-icon-list-text\">Heima<\/span>\n\t\t\t\t\t\t\t\t\t\t\t<\/a>\n\t\t\t\t\t\t\t\t\t<\/li>\n\t\t\t\t\t\t\t\t<li class=\"elementor-icon-list-item elementor-inline-item\">\n\t\t\t\t\t\t\t\t\t\t\t<a href=\"#\">\n\n\t\t\t\t\t\t\t\t\t\t\t\t<span class=\"elementor-icon-list-icon\">\n\t\t\t\t\t\t\t<i aria-hidden=\"true\" class=\"icon icon-right-arrow\"><\/i>\t\t\t\t\t\t<\/span>\n\t\t\t\t\t\t\t\t\t\t<span class=\"elementor-icon-list-text\">Um okkur<\/span>\n\t\t\t\t\t\t\t\t\t\t\t<\/a>\n\t\t\t\t\t\t\t\t\t<\/li>\n\t\t\t\t\t\t<\/ul>\n\t\t\t\t\t\t<\/div>\n\t\t\t\t<\/div>\n\t\t\t\t\t<\/div>\n\t\t<\/div>\n\t\t\t\t\t<\/div>\n\t\t<\/section>\n\t\t\t\t<section class=\"elementor-section elementor-top-section elementor-element elementor-element-56f72c94 elementor-section-boxed elementor-section-height-default elementor-section-height-default\" data-id=\"56f72c94\" data-element_type=\"section\" data-e-type=\"section\">\n\t\t\t\t\t\t<div class=\"elementor-container elementor-column-gap-default\">\n\t\t\t\t\t<div class=\"elementor-column elementor-col-100 elementor-top-column elementor-element elementor-element-3d176545\" data-id=\"3d176545\" data-element_type=\"column\" data-e-type=\"column\">\n\t\t\t<div class=\"elementor-widget-wrap elementor-element-populated\">\n\t\t\t\t\t\t<div class=\"elementor-element elementor-element-20491e17 elementor-widget__width-auto elementor-invisible elementor-widget elementor-widget-elementskit-header-info\" data-id=\"20491e17\" data-element_type=\"widget\" data-e-type=\"widget\" data-settings=\"{&quot;_animation&quot;:&quot;fadeInUp&quot;}\" data-widget_type=\"elementskit-header-info.default\">\n\t\t\t\t<div class=\"elementor-widget-container\">\n\t\t\t\t\t<div class=\"ekit-wid-con\" >        <ul class=\"ekit-header-info\">\n                                    <li>\n                            <a > \n                                <i aria-hidden=\"true\" class=\"fas fa-circle\"><\/i>                                Teymi\u00f0                            <\/a>\n                        <\/li>\n\n                            <\/ul>\n        <\/div>\t\t\t\t<\/div>\n\t\t\t\t<\/div>\n\t\t\t\t<div class=\"elementor-element elementor-element-2b904e7f elementor-invisible elementor-widget elementor-widget-heading\" data-id=\"2b904e7f\" data-element_type=\"widget\" data-e-type=\"widget\" data-settings=\"{&quot;_animation&quot;:&quot;fadeInUp&quot;,&quot;_animation_delay&quot;:200}\" data-widget_type=\"heading.default\">\n\t\t\t\t<div class=\"elementor-widget-container\">\n\t\t\t\t\t<h2 class=\"elementor-heading-title elementor-size-default\">S\u00e9rfr\u00e6\u00f0ingar<\/h2>\t\t\t\t<\/div>\n\t\t\t\t<\/div>\n\t\t\t\t<div class=\"elementor-element elementor-element-e82b5ad elementor-invisible elementor-widget elementor-widget-text-editor\" data-id=\"e82b5ad\" data-element_type=\"widget\" data-e-type=\"widget\" data-settings=\"{&quot;_animation&quot;:&quot;fadeInUp&quot;,&quot;_animation_delay&quot;:400}\" data-widget_type=\"text-editor.default\">\n\t\t\t\t<div class=\"elementor-widget-container\">\n\t\t\t\t\t\t\t\t\t<p>Hj\u00e1 Snjalll\u00e1sum vinnur h\u00f3pur s\u00e9rfr\u00e6\u00f0inga sem hefur brennandi \u00e1huga \u00e1 a\u00f0 veita vi\u00f0skiptavinum okkar fram\u00farskarandi \u00fej\u00f3nustu \u00feegar kemur a\u00f0 vali \u00e1 a\u00f0gangsst\u00fdringum. Okkar starfsf\u00f3lk b\u00fdr yfir margra \u00e1ra reynslu \u00ed greininni og me\u00f0 \u00feeim hefur myndast dj\u00fapur skilningur \u00e1 \u00fe\u00f6rfum og \u00e1skorunum hvers lags gistirekstrar og a\u00f0gengi fer\u00f0amanna.<\/p>\n<p>Hvort sem um r\u00e6\u00f0ir spurningar um snjalll\u00e1salausnir, \u00fearft a\u00f0sto\u00f0 vi\u00f0 uppsetningu, e\u00f0a hefur einhverjar a\u00f0rar spurningar sem sn\u00faa a\u00f0 a\u00f0gangsst\u00fdringum a\u00f0 gistist\u00f6\u00f0um e\u00f0a heimilum, \u00fe\u00e1 erum vi\u00f0 h\u00e9r til a\u00f0 a\u00f0sto\u00f0a. Vi\u00f0 bj\u00f3\u00f0um upp \u00e1 pers\u00f3nulega \u00fej\u00f3nustu og vinnum n\u00e1i\u00f0 me\u00f0 okkar vi\u00f0skiptavinum til a\u00f0 tryggja g\u00f3\u00f0an \u00e1rangur.<\/p>\n<p>Haf\u00f0u samband vi\u00f0 okkur strax \u00ed dag ef \u00fe\u00fa ert a\u00f0 leita a\u00f0 einf\u00f6ldum, en um lei\u00f0, \u00f6ruggum a\u00f0gangsst\u00fdringum a\u00f0 \u00feinni eign. Vi\u00f0 hj\u00e1lpum \u00fe\u00e9r a\u00f0 leysa vandam\u00e1lin strax \u00ed dag.<\/p>\n\t\t\t\t\t\t\t\t<\/div>\n\t\t\t\t<\/div>\n\t\t\t\t<div class=\"elementor-element elementor-element-be95247 elementor-align-center elementor-invisible elementor-widget elementor-widget-button\" data-id=\"be95247\" data-element_type=\"widget\" data-e-type=\"widget\" data-settings=\"{&quot;_animation&quot;:&quot;fadeInUp&quot;,&quot;_animation_delay&quot;:400}\" data-widget_type=\"button.default\">\n\t\t\t\t<div class=\"elementor-widget-container\">\n\t\t\t\t\t\t\t\t\t<div class=\"elementor-button-wrapper\">\n\t\t\t\t\t<a class=\"elementor-button elementor-button-link elementor-size-sm\" href=\"#\">\n\t\t\t\t\t\t<span class=\"elementor-button-content-wrapper\">\n\t\t\t\t\t\t<span class=\"elementor-button-icon\">\n\t\t\t\t<i aria-hidden=\"true\" class=\"fas fa-phone\"><\/i>\t\t\t<\/span>\n\t\t\t\t\t\t\t\t\t<span class=\"elementor-button-text\">Haf\u00f0u samband<\/span>\n\t\t\t\t\t<\/span>\n\t\t\t\t\t<\/a>\n\t\t\t\t<\/div>\n\t\t\t\t\t\t\t\t<\/div>\n\t\t\t\t<\/div>\n\t\t\t\t<section class=\"elementor-section elementor-inner-section elementor-element elementor-element-33c3f903 elementor-section-boxed elementor-section-height-default elementor-section-height-default\" data-id=\"33c3f903\" data-element_type=\"section\" data-e-type=\"section\">\n\t\t\t\t\t\t<div class=\"elementor-container elementor-column-gap-default\">\n\t\t\t\t\t<div class=\"elementor-column elementor-col-33 elementor-inner-column elementor-element elementor-element-3340885f elementor-invisible\" data-id=\"3340885f\" data-element_type=\"column\" data-e-type=\"column\" data-settings=\"{&quot;animation&quot;:&quot;fadeInUp&quot;,&quot;animation_delay&quot;:400}\">\n\t\t\t<div class=\"elementor-widget-wrap elementor-element-populated\">\n\t\t\t\t\t\t<div class=\"elementor-element elementor-element-61e6ac99 elementor-widget elementor-widget-elementskit-team\" data-id=\"61e6ac99\" data-element_type=\"widget\" data-e-type=\"widget\" data-widget_type=\"elementskit-team.default\">\n\t\t\t\t<div class=\"elementor-widget-container\">\n\t\t\t\t\t<div class=\"ekit-wid-con\">\n\t\t\t\t\t\t\t\t\t\t\t <div class=\"small-gutters image-card-v3\"> \t\t\t\t\t\t\t\t\t\t\t\t\t<div class=\"profile-image-card elementor-animation- ekit-team-img ekit-team-style-long_height_hover text-center\">\n\n\t\t\t\t\t\t\t\t\t\t\t\t\t<img fetchpriority=\"high\" decoding=\"async\" width=\"800\" height=\"800\" src=\"https:\/\/snjalllasar.is\/wp-content\/uploads\/2023\/04\/godo-team_0003_Sverrir.jpeg\" class=\"attachment-large size-large wp-image-320\" alt=\"\" srcset=\"https:\/\/snjalllasar.is\/wp-content\/uploads\/2023\/04\/godo-team_0003_Sverrir.jpeg 1000w, https:\/\/snjalllasar.is\/wp-content\/uploads\/2023\/04\/godo-team_0003_Sverrir-300x300.jpeg 300w, https:\/\/snjalllasar.is\/wp-content\/uploads\/2023\/04\/godo-team_0003_Sverrir-150x150.jpeg 150w, https:\/\/snjalllasar.is\/wp-content\/uploads\/2023\/04\/godo-team_0003_Sverrir-768x768.jpeg 768w, https:\/\/snjalllasar.is\/wp-content\/uploads\/2023\/04\/godo-team_0003_Sverrir-600x600.jpeg 600w, https:\/\/snjalllasar.is\/wp-content\/uploads\/2023\/04\/godo-team_0003_Sverrir-100x100.jpeg 100w\" sizes=\"(max-width: 800px) 100vw, 800px\" \/>\t\t\t\t\t\t\t\t\t\t\t\t<div class=\"hover-area\">\n\t\t\t\t\t\t\t<div class=\"profile-body\">\n\t\t\t\t\t\t\t\t<h2 class=\"profile-title\">\n\t\t\t\t\t\t\t\t\t\t\t\t\t\t\t\t\t\t\t\t\t\t\t\t\t\t\t\t\t\t\t\t\t<\/h2>\n\t\t\t\t\t\t\t\t<p class=\"profile-designation\"><\/p>\n\t\t\t\t\t\t\t\t\t\t\t\t\t\t\t<\/div>\n\t\t\t\t\t\t\t\t\t\t\t\t\t\t\t<div class=\"profile-footer\">\n\t\t\t\t\t\t\t\t\t<ul class=\"ekit-team-social-list\">\n\t\t\t<li class=\"elementor-repeater-item-1a9837c\">\n\t\t\t<a href=\"https:\/\/facebook.com\" aria-label=\"LinkedIn\">\n\t\t\t\t<i aria-hidden=\"true\" class=\"fab fa-linkedin\"><\/i>\t\t\t<\/a>\n\t\t<\/li>\n\t<\/ul>\n\t\t\t\t\t\t\t\t<\/div>\n\t\t\t\t\t\t\t\t\t\t\t\t\t<\/div>\n\t\t\t\t\t<\/div>\n\t\t\t\t\t <\/div> \n\t\t\t\t\n\t\t\t\t<\/div>\t\t\t\t<\/div>\n\t\t\t\t<\/div>\n\t\t\t\t<div class=\"elementor-element elementor-element-2b303eda elementor-widget elementor-widget-heading\" data-id=\"2b303eda\" data-element_type=\"widget\" data-e-type=\"widget\" data-widget_type=\"heading.default\">\n\t\t\t\t<div class=\"elementor-widget-container\">\n\t\t\t\t\t<h4 class=\"elementor-heading-title elementor-size-default\">Sverrir Steinn Sverrisson<\/h4>\t\t\t\t<\/div>\n\t\t\t\t<\/div>\n\t\t\t\t<div class=\"elementor-element elementor-element-78907699 elementor-widget elementor-widget-text-editor\" data-id=\"78907699\" data-element_type=\"widget\" data-e-type=\"widget\" data-widget_type=\"text-editor.default\">\n\t\t\t\t<div class=\"elementor-widget-container\">\n\t\t\t\t\t\t\t\t\t<p>CMO<\/p>\n\t\t\t\t\t\t\t\t<\/div>\n\t\t\t\t<\/div>\n\t\t\t\t\t<\/div>\n\t\t<\/div>\n\t\t\t\t<div class=\"elementor-column elementor-col-33 elementor-inner-column elementor-element elementor-element-33d70dd9 elementor-invisible\" data-id=\"33d70dd9\" data-element_type=\"column\" data-e-type=\"column\" data-settings=\"{&quot;animation&quot;:&quot;fadeInUp&quot;,&quot;animation_delay&quot;:500}\">\n\t\t\t<div class=\"elementor-widget-wrap elementor-element-populated\">\n\t\t\t\t\t\t<div class=\"elementor-element elementor-element-28933d6 elementor-widget elementor-widget-elementskit-team\" data-id=\"28933d6\" data-element_type=\"widget\" data-e-type=\"widget\" data-widget_type=\"elementskit-team.default\">\n\t\t\t\t<div class=\"elementor-widget-container\">\n\t\t\t\t\t<div class=\"ekit-wid-con\">\n\t\t\t\t\t\t\t\t\t\t\t <div class=\"small-gutters image-card-v3\"> \t\t\t\t\t\t\t\t\t\t\t\t\t<div class=\"profile-image-card elementor-animation- ekit-team-img ekit-team-style-long_height_hover text-center\">\n\n\t\t\t\t\t\t\t\t\t\t\t\t\t<img decoding=\"async\" width=\"800\" height=\"800\" src=\"https:\/\/snjalllasar.is\/wp-content\/uploads\/2023\/04\/Jon-Runar-Jonsson1.jpg\" class=\"attachment-large size-large wp-image-321\" alt=\"\" srcset=\"https:\/\/snjalllasar.is\/wp-content\/uploads\/2023\/04\/Jon-Runar-Jonsson1.jpg 1001w, https:\/\/snjalllasar.is\/wp-content\/uploads\/2023\/04\/Jon-Runar-Jonsson1-300x300.jpg 300w, https:\/\/snjalllasar.is\/wp-content\/uploads\/2023\/04\/Jon-Runar-Jonsson1-150x150.jpg 150w, https:\/\/snjalllasar.is\/wp-content\/uploads\/2023\/04\/Jon-Runar-Jonsson1-768x768.jpg 768w, https:\/\/snjalllasar.is\/wp-content\/uploads\/2023\/04\/Jon-Runar-Jonsson1-600x600.jpg 600w, https:\/\/snjalllasar.is\/wp-content\/uploads\/2023\/04\/Jon-Runar-Jonsson1-100x100.jpg 100w\" sizes=\"(max-width: 800px) 100vw, 800px\" \/>\t\t\t\t\t\t\t\t\t\t\t\t<div class=\"hover-area\">\n\t\t\t\t\t\t\t<div class=\"profile-body\">\n\t\t\t\t\t\t\t\t<h2 class=\"profile-title\">\n\t\t\t\t\t\t\t\t\t\t\t\t\t\t\t\t\t\t\t\t\t\t\t\t\t\t\t\t\t\t\t\t\t<\/h2>\n\t\t\t\t\t\t\t\t<p class=\"profile-designation\"><\/p>\n\t\t\t\t\t\t\t\t\t\t\t\t\t\t\t<\/div>\n\t\t\t\t\t\t\t\t\t\t\t\t\t\t\t<div class=\"profile-footer\">\n\t\t\t\t\t\t\t\t\t<ul class=\"ekit-team-social-list\">\n\t\t\t<li class=\"elementor-repeater-item-1a9837c\">\n\t\t\t<a href=\"https:\/\/facebook.com\" aria-label=\"LinkedIn\">\n\t\t\t\t<i aria-hidden=\"true\" class=\"fab fa-linkedin\"><\/i>\t\t\t<\/a>\n\t\t<\/li>\n\t<\/ul>\n\t\t\t\t\t\t\t\t<\/div>\n\t\t\t\t\t\t\t\t\t\t\t\t\t<\/div>\n\t\t\t\t\t<\/div>\n\t\t\t\t\t <\/div> \n\t\t\t\t\n\t\t\t\t<\/div>\t\t\t\t<\/div>\n\t\t\t\t<\/div>\n\t\t\t\t<div class=\"elementor-element elementor-element-53f6f5b4 elementor-widget elementor-widget-heading\" data-id=\"53f6f5b4\" data-element_type=\"widget\" data-e-type=\"widget\" data-widget_type=\"heading.default\">\n\t\t\t\t<div class=\"elementor-widget-container\">\n\t\t\t\t\t<h4 class=\"elementor-heading-title elementor-size-default\">J\u00f3n R\u00fanar Jonsson<\/h4>\t\t\t\t<\/div>\n\t\t\t\t<\/div>\n\t\t\t\t<div class=\"elementor-element elementor-element-16ba31f7 elementor-widget elementor-widget-text-editor\" data-id=\"16ba31f7\" data-element_type=\"widget\" data-e-type=\"widget\" data-widget_type=\"text-editor.default\">\n\t\t\t\t<div class=\"elementor-widget-container\">\n\t\t\t\t\t\t\t\t\t<p>Rekstrar\u00fej\u00f3nusta<\/p>\n\t\t\t\t\t\t\t\t<\/div>\n\t\t\t\t<\/div>\n\t\t\t\t\t<\/div>\n\t\t<\/div>\n\t\t\t\t<div class=\"elementor-column elementor-col-33 elementor-inner-column elementor-element elementor-element-e82410b elementor-invisible\" data-id=\"e82410b\" data-element_type=\"column\" data-e-type=\"column\" data-settings=\"{&quot;animation&quot;:&quot;fadeInUp&quot;,&quot;animation_delay&quot;:600}\">\n\t\t\t<div class=\"elementor-widget-wrap elementor-element-populated\">\n\t\t\t\t\t\t<div class=\"elementor-element elementor-element-71a90905 elementor-widget elementor-widget-elementskit-team\" data-id=\"71a90905\" data-element_type=\"widget\" data-e-type=\"widget\" data-widget_type=\"elementskit-team.default\">\n\t\t\t\t<div class=\"elementor-widget-container\">\n\t\t\t\t\t<div class=\"ekit-wid-con\">\n\t\t\t\t\t\t\t\t\t\t\t <div class=\"small-gutters image-card-v3\"> \t\t\t\t\t\t\t\t\t\t\t\t\t<div class=\"profile-image-card elementor-animation- ekit-team-img ekit-team-style-long_height_hover text-center\">\n\n\t\t\t\t\t\t\t\t\t\t\t\t\t<img decoding=\"async\" width=\"800\" height=\"800\" src=\"https:\/\/snjalllasar.is\/wp-content\/uploads\/2023\/04\/godo-team_0014_David.jpeg\" class=\"attachment-large size-large wp-image-322\" alt=\"\" srcset=\"https:\/\/snjalllasar.is\/wp-content\/uploads\/2023\/04\/godo-team_0014_David.jpeg 1000w, https:\/\/snjalllasar.is\/wp-content\/uploads\/2023\/04\/godo-team_0014_David-300x300.jpeg 300w, https:\/\/snjalllasar.is\/wp-content\/uploads\/2023\/04\/godo-team_0014_David-150x150.jpeg 150w, https:\/\/snjalllasar.is\/wp-content\/uploads\/2023\/04\/godo-team_0014_David-768x768.jpeg 768w, https:\/\/snjalllasar.is\/wp-content\/uploads\/2023\/04\/godo-team_0014_David-600x600.jpeg 600w, https:\/\/snjalllasar.is\/wp-content\/uploads\/2023\/04\/godo-team_0014_David-100x100.jpeg 100w\" sizes=\"(max-width: 800px) 100vw, 800px\" \/>\t\t\t\t\t\t\t\t\t\t\t\t<div class=\"hover-area\">\n\t\t\t\t\t\t\t<div class=\"profile-body\">\n\t\t\t\t\t\t\t\t<h2 class=\"profile-title\">\n\t\t\t\t\t\t\t\t\t\t\t\t\t\t\t\t\t\t\t\t\t\t\t\t\t\t\t\t\t\t\t\t\t<\/h2>\n\t\t\t\t\t\t\t\t<p class=\"profile-designation\"><\/p>\n\t\t\t\t\t\t\t\t\t\t\t\t\t\t\t<\/div>\n\t\t\t\t\t\t\t\t\t\t\t\t\t\t\t<div class=\"profile-footer\">\n\t\t\t\t\t\t\t\t\t<ul class=\"ekit-team-social-list\">\n\t\t\t<li class=\"elementor-repeater-item-1a9837c\">\n\t\t\t<a href=\"https:\/\/facebook.com\" aria-label=\"LinkedIn\">\n\t\t\t\t<i aria-hidden=\"true\" class=\"fab fa-linkedin\"><\/i>\t\t\t<\/a>\n\t\t<\/li>\n\t<\/ul>\n\t\t\t\t\t\t\t\t<\/div>\n\t\t\t\t\t\t\t\t\t\t\t\t\t<\/div>\n\t\t\t\t\t<\/div>\n\t\t\t\t\t <\/div> \n\t\t\t\t\n\t\t\t\t<\/div>\t\t\t\t<\/div>\n\t\t\t\t<\/div>\n\t\t\t\t<div class=\"elementor-element elementor-element-5b78babb elementor-widget elementor-widget-heading\" data-id=\"5b78babb\" data-element_type=\"widget\" data-e-type=\"widget\" data-widget_type=\"heading.default\">\n\t\t\t\t<div class=\"elementor-widget-container\">\n\t\t\t\t\t<h4 class=\"elementor-heading-title elementor-size-default\">Marcell J\u00f3sefsson<\/h4>\t\t\t\t<\/div>\n\t\t\t\t<\/div>\n\t\t\t\t<div class=\"elementor-element elementor-element-59631d7b elementor-widget elementor-widget-text-editor\" data-id=\"59631d7b\" data-element_type=\"widget\" data-e-type=\"widget\" data-widget_type=\"text-editor.default\">\n\t\t\t\t<div class=\"elementor-widget-container\">\n\t\t\t\t\t\t\t\t\t<p>T\u00e6knia\u00f0sto\u00f0<\/p>\n\t\t\t\t\t\t\t\t<\/div>\n\t\t\t\t<\/div>\n\t\t\t\t\t<\/div>\n\t\t<\/div>\n\t\t\t\t\t<\/div>\n\t\t<\/section>\n\t\t\t\t\t<\/div>\n\t\t<\/div>\n\t\t\t\t\t<\/div>\n\t\t<\/section>\n\t\t\t\t<\/div>\n\t\t","protected":false},"excerpt":{"rendered":"<p>Um okkur Heima Um okkur Teymi\u00f0 S\u00e9rfr\u00e6\u00f0ingar Hj\u00e1 Snjalll\u00e1sum vinnur h\u00f3pur s\u00e9rfr\u00e6\u00f0inga sem hefur brennandi \u00e1huga \u00e1 a\u00f0 veita vi\u00f0skiptavinum okkar fram\u00farskarandi \u00fej\u00f3nustu \u00feegar kemur a\u00f0 vali \u00e1 a\u00f0gangsst\u00fdringum. Okkar starfsf\u00f3lk b\u00fdr yfir margra \u00e1ra reynslu \u00ed greininni og me\u00f0 \u00feeim hefur myndast dj\u00fapur skilningur \u00e1 \u00fe\u00f6rfum og \u00e1skorunum hvers lags gistirekstrar og a\u00f0gengi fer\u00f0amanna. [&hellip;]<\/p>\n","protected":false},"author":1,"featured_media":0,"parent":0,"menu_order":0,"comment_status":"closed","ping_status":"closed","template":"","meta":{"footnotes":""},"class_list":["post-553","page","type-page","status-publish","hentry"],"yoast_head":"<!-- This site is optimized with the Yoast SEO plugin v27.4 - https:\/\/yoast.com\/product\/yoast-seo-wordpress\/ -->\n<title>Um okkur - Snjalllasar<\/title>\n<meta name=\"robots\" content=\"index, follow, max-snippet:-1, max-image-preview:large, max-video-preview:-1\" \/>\n<link rel=\"canonical\" href=\"https:\/\/snjalllasar.is\/is\/um-okkur\/\" \/>\n<meta property=\"og:locale\" content=\"is_IS\" \/>\n<meta property=\"og:type\" content=\"article\" \/>\n<meta property=\"og:title\" content=\"Um okkur - Snjalllasar\" \/>\n<meta property=\"og:description\" content=\"Um okkur Heima Um okkur Teymi\u00f0 S\u00e9rfr\u00e6\u00f0ingar Hj\u00e1 Snjalll\u00e1sum vinnur h\u00f3pur s\u00e9rfr\u00e6\u00f0inga sem hefur brennandi \u00e1huga \u00e1 a\u00f0 veita vi\u00f0skiptavinum okkar fram\u00farskarandi \u00fej\u00f3nustu \u00feegar kemur a\u00f0 vali \u00e1 a\u00f0gangsst\u00fdringum. Okkar starfsf\u00f3lk b\u00fdr yfir margra \u00e1ra reynslu \u00ed greininni og me\u00f0 \u00feeim hefur myndast dj\u00fapur skilningur \u00e1 \u00fe\u00f6rfum og \u00e1skorunum hvers lags gistirekstrar og a\u00f0gengi fer\u00f0amanna. [&hellip;]\" \/>\n<meta property=\"og:url\" content=\"https:\/\/snjalllasar.is\/is\/um-okkur\/\" \/>\n<meta property=\"og:site_name\" content=\"Snjalllasar\" \/>\n<meta property=\"article:modified_time\" content=\"2023-06-21T09:41:57+00:00\" \/>\n<meta property=\"og:image\" content=\"https:\/\/snjalllasar.is\/wp-content\/uploads\/2023\/04\/godo-team_0003_Sverrir.jpeg\" \/>\n<meta name=\"twitter:card\" content=\"summary_large_image\" \/>\n<meta name=\"twitter:label1\" content=\"Est. reading time\" \/>\n\t<meta name=\"twitter:data1\" content=\"1 minute\" \/>\n<script type=\"application\/ld+json\" class=\"yoast-schema-graph\">{\"@context\":\"https:\\\/\\\/schema.org\",\"@graph\":[{\"@type\":\"WebPage\",\"@id\":\"https:\\\/\\\/snjalllasar.is\\\/is\\\/um-okkur\\\/\",\"url\":\"https:\\\/\\\/snjalllasar.is\\\/is\\\/um-okkur\\\/\",\"name\":\"Um okkur - Snjalllasar\",\"isPartOf\":{\"@id\":\"https:\\\/\\\/snjalllasar.is\\\/#website\"},\"primaryImageOfPage\":{\"@id\":\"https:\\\/\\\/snjalllasar.is\\\/is\\\/um-okkur\\\/#primaryimage\"},\"image\":{\"@id\":\"https:\\\/\\\/snjalllasar.is\\\/is\\\/um-okkur\\\/#primaryimage\"},\"thumbnailUrl\":\"https:\\\/\\\/snjalllasar.is\\\/wp-content\\\/uploads\\\/2023\\\/04\\\/godo-team_0003_Sverrir.jpeg\",\"datePublished\":\"2023-04-27T07:56:34+00:00\",\"dateModified\":\"2023-06-21T09:41:57+00:00\",\"breadcrumb\":{\"@id\":\"https:\\\/\\\/snjalllasar.is\\\/is\\\/um-okkur\\\/#breadcrumb\"},\"inLanguage\":\"is\",\"potentialAction\":[{\"@type\":\"ReadAction\",\"target\":[\"https:\\\/\\\/snjalllasar.is\\\/is\\\/um-okkur\\\/\"]}]},{\"@type\":\"ImageObject\",\"inLanguage\":\"is\",\"@id\":\"https:\\\/\\\/snjalllasar.is\\\/is\\\/um-okkur\\\/#primaryimage\",\"url\":\"https:\\\/\\\/snjalllasar.is\\\/wp-content\\\/uploads\\\/2023\\\/04\\\/godo-team_0003_Sverrir.jpeg\",\"contentUrl\":\"https:\\\/\\\/snjalllasar.is\\\/wp-content\\\/uploads\\\/2023\\\/04\\\/godo-team_0003_Sverrir.jpeg\"},{\"@type\":\"BreadcrumbList\",\"@id\":\"https:\\\/\\\/snjalllasar.is\\\/is\\\/um-okkur\\\/#breadcrumb\",\"itemListElement\":[{\"@type\":\"ListItem\",\"position\":1,\"name\":\"Home\",\"item\":\"https:\\\/\\\/snjalllasar.is\\\/\"},{\"@type\":\"ListItem\",\"position\":2,\"name\":\"Um okkur\"}]},{\"@type\":\"WebSite\",\"@id\":\"https:\\\/\\\/snjalllasar.is\\\/#website\",\"url\":\"https:\\\/\\\/snjalllasar.is\\\/\",\"name\":\"Snjalllasar\",\"description\":\"\u00cdsland\",\"potentialAction\":[{\"@type\":\"SearchAction\",\"target\":{\"@type\":\"EntryPoint\",\"urlTemplate\":\"https:\\\/\\\/snjalllasar.is\\\/?s={search_term_string}\"},\"query-input\":{\"@type\":\"PropertyValueSpecification\",\"valueRequired\":true,\"valueName\":\"search_term_string\"}}],\"inLanguage\":\"is\"}]}<\/script>\n<!-- \/ Yoast SEO plugin. -->","yoast_head_json":{"title":"Um okkur - Snjalllasar","robots":{"index":"index","follow":"follow","max-snippet":"max-snippet:-1","max-image-preview":"max-image-preview:large","max-video-preview":"max-video-preview:-1"},"canonical":"https:\/\/snjalllasar.is\/is\/um-okkur\/","og_locale":"is_IS","og_type":"article","og_title":"Um okkur - Snjalllasar","og_description":"Um okkur Heima Um okkur Teymi\u00f0 S\u00e9rfr\u00e6\u00f0ingar Hj\u00e1 Snjalll\u00e1sum vinnur h\u00f3pur s\u00e9rfr\u00e6\u00f0inga sem hefur brennandi \u00e1huga \u00e1 a\u00f0 veita vi\u00f0skiptavinum okkar fram\u00farskarandi \u00fej\u00f3nustu \u00feegar kemur a\u00f0 vali \u00e1 a\u00f0gangsst\u00fdringum. Okkar starfsf\u00f3lk b\u00fdr yfir margra \u00e1ra reynslu \u00ed greininni og me\u00f0 \u00feeim hefur myndast dj\u00fapur skilningur \u00e1 \u00fe\u00f6rfum og \u00e1skorunum hvers lags gistirekstrar og a\u00f0gengi fer\u00f0amanna. [&hellip;]","og_url":"https:\/\/snjalllasar.is\/is\/um-okkur\/","og_site_name":"Snjalllasar","article_modified_time":"2023-06-21T09:41:57+00:00","og_image":[{"url":"https:\/\/snjalllasar.is\/wp-content\/uploads\/2023\/04\/godo-team_0003_Sverrir.jpeg","type":"","width":"","height":""}],"twitter_card":"summary_large_image","twitter_misc":{"Est. reading time":"1 minute"},"schema":{"@context":"https:\/\/schema.org","@graph":[{"@type":"WebPage","@id":"https:\/\/snjalllasar.is\/is\/um-okkur\/","url":"https:\/\/snjalllasar.is\/is\/um-okkur\/","name":"Um okkur - Snjalllasar","isPartOf":{"@id":"https:\/\/snjalllasar.is\/#website"},"primaryImageOfPage":{"@id":"https:\/\/snjalllasar.is\/is\/um-okkur\/#primaryimage"},"image":{"@id":"https:\/\/snjalllasar.is\/is\/um-okkur\/#primaryimage"},"thumbnailUrl":"https:\/\/snjalllasar.is\/wp-content\/uploads\/2023\/04\/godo-team_0003_Sverrir.jpeg","datePublished":"2023-04-27T07:56:34+00:00","dateModified":"2023-06-21T09:41:57+00:00","breadcrumb":{"@id":"https:\/\/snjalllasar.is\/is\/um-okkur\/#breadcrumb"},"inLanguage":"is","potentialAction":[{"@type":"ReadAction","target":["https:\/\/snjalllasar.is\/is\/um-okkur\/"]}]},{"@type":"ImageObject","inLanguage":"is","@id":"https:\/\/snjalllasar.is\/is\/um-okkur\/#primaryimage","url":"https:\/\/snjalllasar.is\/wp-content\/uploads\/2023\/04\/godo-team_0003_Sverrir.jpeg","contentUrl":"https:\/\/snjalllasar.is\/wp-content\/uploads\/2023\/04\/godo-team_0003_Sverrir.jpeg"},{"@type":"BreadcrumbList","@id":"https:\/\/snjalllasar.is\/is\/um-okkur\/#breadcrumb","itemListElement":[{"@type":"ListItem","position":1,"name":"Home","item":"https:\/\/snjalllasar.is\/"},{"@type":"ListItem","position":2,"name":"Um okkur"}]},{"@type":"WebSite","@id":"https:\/\/snjalllasar.is\/#website","url":"https:\/\/snjalllasar.is\/","name":"Snjalllasar","description":"\u00cdsland","potentialAction":[{"@type":"SearchAction","target":{"@type":"EntryPoint","urlTemplate":"https:\/\/snjalllasar.is\/?s={search_term_string}"},"query-input":{"@type":"PropertyValueSpecification","valueRequired":true,"valueName":"search_term_string"}}],"inLanguage":"is"}]}},"_links":{"self":[{"href":"https:\/\/snjalllasar.is\/is\/wp-json\/wp\/v2\/pages\/553","targetHints":{"allow":["GET"]}}],"collection":[{"href":"https:\/\/snjalllasar.is\/is\/wp-json\/wp\/v2\/pages"}],"about":[{"href":"https:\/\/snjalllasar.is\/is\/wp-json\/wp\/v2\/types\/page"}],"author":[{"embeddable":true,"href":"https:\/\/snjalllasar.is\/is\/wp-json\/wp\/v2\/users\/1"}],"replies":[{"embeddable":true,"href":"https:\/\/snjalllasar.is\/is\/wp-json\/wp\/v2\/comments?post=553"}],"version-history":[{"count":1,"href":"https:\/\/snjalllasar.is\/is\/wp-json\/wp\/v2\/pages\/553\/revisions"}],"predecessor-version":[{"id":554,"href":"https:\/\/snjalllasar.is\/is\/wp-json\/wp\/v2\/pages\/553\/revisions\/554"}],"wp:attachment":[{"href":"https:\/\/snjalllasar.is\/is\/wp-json\/wp\/v2\/media?parent=553"}],"curies":[{"name":"wp","href":"https:\/\/api.w.org\/{rel}","templated":true}]}}